{"id":1340,"date":"2019-09-25T12:08:26","date_gmt":"2019-09-25T12:08:26","guid":{"rendered":"https:\/\/www.swedishvoiceovers.se\/?page_id=1340"},"modified":"2023-05-24T12:11:23","modified_gmt":"2023-05-24T12:11:23","slug":"start","status":"publish","type":"page","link":"https:\/\/www.swedishvoiceovers.se\/sv\/","title":{"rendered":"Start"},"content":{"rendered":"<\/div><\/div><\/div><!-- close content main div --><\/div><\/div><div id='full_slider_1' class='avia-fullwidth-slider main_color avia-shadow  av-desktop-hide av-medium-hide   container_wrap sidebar_right'   ><div  data-size='no scaling'  data-lightbox_size='large'  data-animation='slide'  data-conditional_play=''  data-ids='670,671'  data-video_counter='0'  data-autoplay='true'  data-bg_slider='false'  data-slide_height=''  data-handle='av_slideshow_full'  data-interval='10'  data-class=' '  data-css_id=''  data-scroll_down=''  data-control_layout='av-control-minimal'  data-custom_markup=''  data-perma_caption=''  data-autoplay_stopper=''  data-image_attachment=''  data-min_height='0px'  data-src=''  data-position='top left'  data-repeat='no-repeat'  data-attach='scroll'  data-stretch=''  class='avia-slideshow avia-slideshow-1  av-control-minimal av-default-height-applied avia-slideshow-no scaling av_slideshow_full   avia-slide-slider '  itemprop=\"ImageObject\" itemscope=\"itemscope\" itemtype=\"https:\/\/schema.org\/ImageObject\" ><ul class='avia-slideshow-inner ' style='padding-bottom: 69.995056846268%;' ><li  class=' slide-1 ' ><div data-rel='slideshow-1' class='avia-slide-wrap '   ><div class = \"caption_fullwidth av-slideshow-caption caption_center\"><div class = \"container caption_container\"><div class = \"slideshow_caption\"><div class = \"slideshow_inner_caption\"><div class = \"slideshow_align_caption\"><h1  style='color:#ffffff; ' class='avia-caption-title '  itemprop=\"name\" >Male voicetalent<\/h1><div class='avia-caption-content  '  itemprop=\"description\"  ><p>Johan Lindquist. Professional Swedish Male Voicetalent<\/p>\n<\/div><a href='https:\/\/www.swedishvoiceovers.se\/male-voices\/'  class='avia-slideshow-button avia-button avia-color-theme-color ' data-duration='800' data-easing='easeInOutQuad'>More info\/Book<\/a><\/div><\/div><\/div><\/div><\/div><img src='https:\/\/www.swedishvoiceovers.se\/wp-content\/uploads\/2019\/09\/voiceover-male-blue-1.jpg' width='2023' height='1416' title='voiceover-male-blue' alt=''  itemprop=\"thumbnailUrl\"   \/><\/div><\/li><li  class=' slide-2 ' ><div data-rel='slideshow-1' class='avia-slide-wrap '   ><div class = \"caption_fullwidth av-slideshow-caption caption_center\"><div class = \"container caption_container\"><div class = \"slideshow_caption\"><div class = \"slideshow_inner_caption\"><div class = \"slideshow_align_caption\"><h1  style='color:#ffffff; ' class='avia-caption-title '  itemprop=\"name\" >Female voicetalent<\/h1><div class='avia-caption-content  '  itemprop=\"description\"  ><p>Anna J\u00f6nsson. Professional Swedish Female Voicetalent<\/p>\n<\/div><a href='https:\/\/www.swedishvoiceovers.se\/female-voices\/'  class='avia-slideshow-button avia-button avia-color-theme-color ' data-duration='800' data-easing='easeInOutQuad'>More info\/Book<\/a><\/div><\/div><\/div><\/div><\/div><img src='https:\/\/www.swedishvoiceovers.se\/wp-content\/uploads\/2019\/09\/voiceover-female-orange-1.jpg' width='2023' height='1416' title='voiceover-female-orange' alt=''  itemprop=\"thumbnailUrl\"   \/><\/div><\/li><\/ul><div class='avia-slideshow-arrows avia-slideshow-controls'><a href='#prev' class='prev-slide' aria-hidden='true' data-av_icon='\ue87c' data-av_iconfont='entypo-fontello'>F\u00f6reg\u00e5ende<\/a><a href='#next' class='next-slide' aria-hidden='true' data-av_icon='\ue87d' data-av_iconfont='entypo-fontello'>N\u00e4sta<\/a><\/div><div class='avia-slideshow-dots avia-slideshow-controls'><a href='#1' class='goto-slide active' >1<\/a><a href='#2' class='goto-slide ' >2<\/a><\/div><\/div><\/div>\n<\/div><\/div><\/div><!-- close content main div --><\/div><\/div><div id='intro' class='avia-section main_color avia-section-default avia-no-border-styling avia-bg-style-scroll    av-small-hide av-mini-hide container_wrap sidebar_right' style = 'background-image: '  ><div class='container' ><div class='template-page content  av-content-small alpha units'><div class='post-entry post-entry-type-page post-entry-1340'><div class='entry-content-wrapper clearfix'>\n<div style='height:50px' class='hr hr-invisible  '><span class='hr-inner ' ><span class='hr-inner-style'><\/span><\/span><\/div>\n<div class=\"flex_column av_one_half  flex_column_div av-zero-column-padding avia-link-column first  male \" style='background:url(https:\/\/www.swedishvoiceovers.se\/wp-content\/uploads\/2019\/09\/voiceover-male-blue-1.jpg) top left no-repeat ; border-radius:0px; ' data-link-column-url=\"https:\/\/www.swedishvoiceovers.se\/male-voices\/\" ><a class=\"av-screen-reader-only\" href=https:\/\/www.swedishvoiceovers.se\/male-voices\/ >Link to: Male Voice Johan Lindquist<\/a><p><div style='height:100px' class='hr hr-invisible  av-mini-hide  '><span class='hr-inner ' ><span class='hr-inner-style'><\/span><\/span><\/div><br \/>\n<div style='height:100px' class='hr hr-invisible  av-mini-hide  '><span class='hr-inner ' ><span class='hr-inner-style'><\/span><\/span><\/div><br \/>\n<div style='height:100px' class='hr hr-invisible   '><span class='hr-inner ' ><span class='hr-inner-style'><\/span><\/span><\/div><br \/>\n<section class=\"av_textblock_section \"  itemscope=\"itemscope\" itemtype=\"https:\/\/schema.org\/CreativeWork\" ><div class='avia_textblock  av_inherit_color '  style='font-size:16px; color:#ffffff; '  itemprop=\"text\" ><h1>Manlig r\u00f6st<\/h1>\n<p>Johan Lindquist. Professionell speaker \/ voiceover<\/p>\n<\/div><\/section><br \/>\n<div class='avia-button-wrap avia-button-left  '><a href='https:\/\/www.swedishvoiceovers.se\/sv\/male-voice-johan-lindquist\/'  class='avia-button   avia-icon_select-no avia-color-theme-color avia-size-medium avia-position-left '   ><span class='avia_iconbox_title' >Klicka h\u00e4r f\u00f6r manlig r\u00f6st<\/span><\/a><\/div><\/p><\/div><div class=\"flex_column av_one_half  flex_column_div av-zero-column-padding avia-link-column   female \" style='background:url(https:\/\/www.swedishvoiceovers.se\/wp-content\/uploads\/2019\/09\/voiceover-female-orange-1.jpg) top left no-repeat ; border-radius:0px; ' data-link-column-url=\"https:\/\/www.swedishvoiceovers.se\/female-voices\/\" ><a class=\"av-screen-reader-only\" href=https:\/\/www.swedishvoiceovers.se\/female-voices\/ >Link to: Female Voice Anna J\u00f6nsson<\/a><p><div style='height:100px' class='hr hr-invisible  av-mini-hide  '><span class='hr-inner ' ><span class='hr-inner-style'><\/span><\/span><\/div><br \/>\n<div style='height:100px' class='hr hr-invisible  av-mini-hide  '><span class='hr-inner ' ><span class='hr-inner-style'><\/span><\/span><\/div><br \/>\n<div style='height:100px' class='hr hr-invisible   '><span class='hr-inner ' ><span class='hr-inner-style'><\/span><\/span><\/div><br \/>\n<section class=\"av_textblock_section \"  itemscope=\"itemscope\" itemtype=\"https:\/\/schema.org\/CreativeWork\" ><div class='avia_textblock  av_inherit_color '  style='font-size:16px; color:#ffffff; '  itemprop=\"text\" ><h1 style=\"text-align: right;\">Kvinnlig r\u00f6st<\/h1>\n<p style=\"text-align: right;\">Anna J\u00f6nsson. Professionell speaker \/ voiceover<\/p>\n<\/div><\/section><br \/>\n<div class='avia-button-wrap avia-button-right  '><a href='https:\/\/www.swedishvoiceovers.se\/sv\/female-voice-anna-jonsson\/'  class='avia-button   avia-icon_select-no avia-color-custom avia-size-medium avia-position-right '  style='background-color:#009cb5; border-color:#009cb5; color:#ffffff; ' ><span class='avia_iconbox_title' >Klicka h\u00e4r f\u00f6r kvinnlig r\u00f6st<\/span><\/a><\/div><\/p><\/div><\/div><\/div><\/div><!-- close content main div --><\/div><\/div><div id='after_section_1' class='main_color av_default_container_wrap container_wrap sidebar_right'   ><div class='container' ><div class='template-page content  av-content-small alpha units'><div class='post-entry post-entry-type-page post-entry-1340'><div class='entry-content-wrapper clearfix'><div style='height:50px' class='hr hr-invisible  av-small-hide av-mini-hide  '><span class='hr-inner ' ><span class='hr-inner-style'><\/span><\/span><\/div><\/p>\n<div class=\"flex_column av_one_full  flex_column_div av-zero-column-padding first  \" style='border-radius:0px; '><section class=\"av_textblock_section \"  itemscope=\"itemscope\" itemtype=\"https:\/\/schema.org\/CreativeWork\" ><div class='avia_textblock  '   itemprop=\"text\" ><h2 style=\"text-align: left;\">V\u00e4lkommen till Swedish Voiceovers.<\/h2>\n<p>Letar du efter en professionell manlig eller kvinnlig ber\u00e4ttar eller reklamr\u00f6st till ditt n\u00e4sta projekt?<br \/>\nD\u00e5 kan du sluta leta!<br \/>\nVi \u00e4r Johan &amp; Anna, voice over r\u00f6ster fr\u00e5n Sverige med \u00f6ver 20 \u00e5rs erfarenhet inom branschen som levererar v\u00e4rlden r\u00f6stinl\u00e4sningar \u00e5t f\u00f6retag \u00f6ver hela v\u00e4rlden.<\/p>\n<p>Vi f\u00f6rst\u00e5r vikten av att leverera ditt budskap med r\u00e4tt k\u00e4nsla, tydlighet och passion.<\/p>\n<p>Boka n\u00e5gon utav oss redan idag! B\u00f6rja med att v\u00e4lja<a href=\"https:\/\/www.swedishvoiceovers.se\/sv\/male-voice-johan-lindquist\/\"> Johan<\/a> eller <a href=\"https:\/\/www.swedishvoiceovers.se\/sv\/female-voice-anna-jonsson\/\">Anna<\/a> nu!<\/p>\n<\/div><\/section><br \/>\n<div class='avia-button-wrap avia-button-left  '><a href='https:\/\/www.swedishvoiceovers.se\/sv\/contact\/'  class='avia-button   avia-icon_select-no avia-color-theme-color avia-size-x-large avia-position-left '   ><span class='avia_iconbox_title' >Boka en inspelning<\/span><\/a><\/div><\/p><\/div><div style='height:25px' class='hr hr-invisible   '><span class='hr-inner ' ><span class='hr-inner-style'><\/span><\/span><\/div><\/p>\n<div class=\"flex_column av_one_full  flex_column_div av-zero-column-padding first   \" style='background: rgba(255,255,255,0.83); background-color:rgba(255,255,255,0.83); border-radius:0px; '><section class=\"av_textblock_section \"  itemscope=\"itemscope\" itemtype=\"https:\/\/schema.org\/CreativeWork\" ><div class='avia_textblock  av_inherit_color '   itemprop=\"text\" ><h2><strong>Oavsett om du \u00e4r i behov av en r\u00f6st f\u00f6r: <\/strong><\/h2>\n<p>Radio\/Tv-reklam, promos, dokument\u00e4rer, f\u00f6retagsfilmer, produktpresentationer, e-Learning projekt, appar, animerade filmer, <em>IVR<\/em>, ljudb\u00f6cker, dubbning eller andra typer av r\u00f6stinspelning.<\/p>\n<\/div><\/section><br \/>\n<div class='avia-button-wrap avia-button-left  '><a href='https:\/\/www.swedishvoiceovers.se\/sv\/contact\/'  class='avia-button   avia-icon_select-no avia-color-theme-color avia-size-medium avia-position-left '   ><span class='avia_iconbox_title' >F\u00e5 en gratis demo med din text inom 24 timmar<\/span><\/a><\/div><\/p><\/div><div style='height:50px' class='hr hr-invisible  av-small-hide av-mini-hide '><span class='hr-inner ' ><span class='hr-inner-style'><\/span><\/span><\/div><\/p>\n","protected":false},"excerpt":{"rendered":"","protected":false},"author":3,"featured_media":0,"parent":0,"menu_order":0,"comment_status":"closed","ping_status":"closed","template":"","meta":{"footnotes":""},"class_list":["post-1340","page","type-page","status-publish","hentry"],"yoast_head":"<!-- This site is optimized with the Yoast SEO plugin v24.4 - https:\/\/yoast.com\/wordpress\/plugins\/seo\/ -->\n<title>Manlig och kvinnlig ber\u00e4ttarr\u00f6st eller reklamr\u00f6st | Swedish voiceovers<\/title>\n<meta name=\"description\" content=\"S\u00f6ker du en professionell manlig eller kvinnlig ber\u00e4ttar eller reklamr\u00f6st till ditt n\u00e4sta projekt? D\u00e5 kan du sluta leta! V\u00e4lkommen till Swedish voiceovers\" \/>\n<meta name=\"robots\" content=\"index, follow, max-snippet:-1, max-image-preview:large, max-video-preview:-1\" \/>\n<link rel=\"canonical\" href=\"https:\/\/www.swedishvoiceovers.se\/sv\/\" \/>\n<meta property=\"og:locale\" content=\"sv_SE\" \/>\n<meta property=\"og:type\" content=\"article\" \/>\n<meta property=\"og:title\" content=\"Manlig och kvinnlig ber\u00e4ttarr\u00f6st eller reklamr\u00f6st | Swedish voiceovers\" \/>\n<meta property=\"og:description\" content=\"S\u00f6ker du en professionell manlig eller kvinnlig ber\u00e4ttar eller reklamr\u00f6st till ditt n\u00e4sta projekt? D\u00e5 kan du sluta leta! V\u00e4lkommen till Swedish voiceovers\" \/>\n<meta property=\"og:url\" content=\"https:\/\/www.swedishvoiceovers.se\/sv\/\" \/>\n<meta property=\"og:site_name\" content=\"Swedish voiceovers\" \/>\n<meta property=\"article:modified_time\" content=\"2023-05-24T12:11:23+00:00\" \/>\n<meta name=\"twitter:card\" content=\"summary_large_image\" \/>\n<meta name=\"twitter:label1\" content=\"Ber\u00e4knad l\u00e4stid\" \/>\n\t<meta name=\"twitter:data1\" content=\"4 minuter\" \/>\n<script type=\"application\/ld+json\" class=\"yoast-schema-graph\">{\"@context\":\"https:\/\/schema.org\",\"@graph\":[{\"@type\":\"WebPage\",\"@id\":\"https:\/\/www.swedishvoiceovers.se\/sv\/\",\"url\":\"https:\/\/www.swedishvoiceovers.se\/sv\/\",\"name\":\"Manlig och kvinnlig ber\u00e4ttarr\u00f6st eller reklamr\u00f6st | Swedish voiceovers\",\"isPartOf\":{\"@id\":\"https:\/\/www.swedishvoiceovers.se\/sv\/#website\"},\"datePublished\":\"2019-09-25T12:08:26+00:00\",\"dateModified\":\"2023-05-24T12:11:23+00:00\",\"description\":\"S\u00f6ker du en professionell manlig eller kvinnlig ber\u00e4ttar eller reklamr\u00f6st till ditt n\u00e4sta projekt? D\u00e5 kan du sluta leta! V\u00e4lkommen till Swedish voiceovers\",\"breadcrumb\":{\"@id\":\"https:\/\/www.swedishvoiceovers.se\/sv\/#breadcrumb\"},\"inLanguage\":\"sv-SE\",\"potentialAction\":[{\"@type\":\"ReadAction\",\"target\":[\"https:\/\/www.swedishvoiceovers.se\/sv\/\"]}]},{\"@type\":\"BreadcrumbList\",\"@id\":\"https:\/\/www.swedishvoiceovers.se\/sv\/#breadcrumb\",\"itemListElement\":[{\"@type\":\"ListItem\",\"position\":1,\"name\":\"Home\",\"item\":\"https:\/\/www.swedishvoiceovers.se\/sv\/start\/\"},{\"@type\":\"ListItem\",\"position\":2,\"name\":\"Start\"}]},{\"@type\":\"WebSite\",\"@id\":\"https:\/\/www.swedishvoiceovers.se\/sv\/#website\",\"url\":\"https:\/\/www.swedishvoiceovers.se\/sv\/\",\"name\":\"Swedish voiceovers\",\"description\":\"Male and Female Swedish Voicetalents online\",\"potentialAction\":[{\"@type\":\"SearchAction\",\"target\":{\"@type\":\"EntryPoint\",\"urlTemplate\":\"https:\/\/www.swedishvoiceovers.se\/sv\/?s={search_term_string}\"},\"query-input\":{\"@type\":\"PropertyValueSpecification\",\"valueRequired\":true,\"valueName\":\"search_term_string\"}}],\"inLanguage\":\"sv-SE\"}]}<\/script>\n<!-- \/ Yoast SEO plugin. -->","yoast_head_json":{"title":"Manlig och kvinnlig ber\u00e4ttarr\u00f6st eller reklamr\u00f6st | Swedish voiceovers","description":"S\u00f6ker du en professionell manlig eller kvinnlig ber\u00e4ttar eller reklamr\u00f6st till ditt n\u00e4sta projekt? D\u00e5 kan du sluta leta! V\u00e4lkommen till Swedish voiceovers","robots":{"index":"index","follow":"follow","max-snippet":"max-snippet:-1","max-image-preview":"max-image-preview:large","max-video-preview":"max-video-preview:-1"},"canonical":"https:\/\/www.swedishvoiceovers.se\/sv\/","og_locale":"sv_SE","og_type":"article","og_title":"Manlig och kvinnlig ber\u00e4ttarr\u00f6st eller reklamr\u00f6st | Swedish voiceovers","og_description":"S\u00f6ker du en professionell manlig eller kvinnlig ber\u00e4ttar eller reklamr\u00f6st till ditt n\u00e4sta projekt? D\u00e5 kan du sluta leta! V\u00e4lkommen till Swedish voiceovers","og_url":"https:\/\/www.swedishvoiceovers.se\/sv\/","og_site_name":"Swedish voiceovers","article_modified_time":"2023-05-24T12:11:23+00:00","twitter_card":"summary_large_image","twitter_misc":{"Ber\u00e4knad l\u00e4stid":"4 minuter"},"schema":{"@context":"https:\/\/schema.org","@graph":[{"@type":"WebPage","@id":"https:\/\/www.swedishvoiceovers.se\/sv\/","url":"https:\/\/www.swedishvoiceovers.se\/sv\/","name":"Manlig och kvinnlig ber\u00e4ttarr\u00f6st eller reklamr\u00f6st | Swedish voiceovers","isPartOf":{"@id":"https:\/\/www.swedishvoiceovers.se\/sv\/#website"},"datePublished":"2019-09-25T12:08:26+00:00","dateModified":"2023-05-24T12:11:23+00:00","description":"S\u00f6ker du en professionell manlig eller kvinnlig ber\u00e4ttar eller reklamr\u00f6st till ditt n\u00e4sta projekt? D\u00e5 kan du sluta leta! V\u00e4lkommen till Swedish voiceovers","breadcrumb":{"@id":"https:\/\/www.swedishvoiceovers.se\/sv\/#breadcrumb"},"inLanguage":"sv-SE","potentialAction":[{"@type":"ReadAction","target":["https:\/\/www.swedishvoiceovers.se\/sv\/"]}]},{"@type":"BreadcrumbList","@id":"https:\/\/www.swedishvoiceovers.se\/sv\/#breadcrumb","itemListElement":[{"@type":"ListItem","position":1,"name":"Home","item":"https:\/\/www.swedishvoiceovers.se\/sv\/start\/"},{"@type":"ListItem","position":2,"name":"Start"}]},{"@type":"WebSite","@id":"https:\/\/www.swedishvoiceovers.se\/sv\/#website","url":"https:\/\/www.swedishvoiceovers.se\/sv\/","name":"Swedish voiceovers","description":"Male and Female Swedish Voicetalents online","potentialAction":[{"@type":"SearchAction","target":{"@type":"EntryPoint","urlTemplate":"https:\/\/www.swedishvoiceovers.se\/sv\/?s={search_term_string}"},"query-input":{"@type":"PropertyValueSpecification","valueRequired":true,"valueName":"search_term_string"}}],"inLanguage":"sv-SE"}]}},"_links":{"self":[{"href":"https:\/\/www.swedishvoiceovers.se\/sv\/wp-json\/wp\/v2\/pages\/1340","targetHints":{"allow":["GET"]}}],"collection":[{"href":"https:\/\/www.swedishvoiceovers.se\/sv\/wp-json\/wp\/v2\/pages"}],"about":[{"href":"https:\/\/www.swedishvoiceovers.se\/sv\/wp-json\/wp\/v2\/types\/page"}],"author":[{"embeddable":true,"href":"https:\/\/www.swedishvoiceovers.se\/sv\/wp-json\/wp\/v2\/users\/3"}],"replies":[{"embeddable":true,"href":"https:\/\/www.swedishvoiceovers.se\/sv\/wp-json\/wp\/v2\/comments?post=1340"}],"version-history":[{"count":5,"href":"https:\/\/www.swedishvoiceovers.se\/sv\/wp-json\/wp\/v2\/pages\/1340\/revisions"}],"predecessor-version":[{"id":1673,"href":"https:\/\/www.swedishvoiceovers.se\/sv\/wp-json\/wp\/v2\/pages\/1340\/revisions\/1673"}],"wp:attachment":[{"href":"https:\/\/www.swedishvoiceovers.se\/sv\/wp-json\/wp\/v2\/media?parent=1340"}],"curies":[{"name":"wp","href":"https:\/\/api.w.org\/{rel}","templated":true}]}}